{"id":26,"date":"2024-11-01T19:56:31","date_gmt":"2024-11-01T16:56:31","guid":{"rendered":"https:\/\/kenetcatiantalya.com.tr\/?page_id=26"},"modified":"2024-11-04T06:40:04","modified_gmt":"2024-11-04T03:40:04","slug":"hakkimizda","status":"publish","type":"page","link":"https:\/\/kenetcatiantalya.com.tr\/index.php\/hakkimizda\/","title":{"rendered":"Hakk\u0131m\u0131zda"},"content":{"rendered":"\n<p><\/p>\n\n\n\n<figure class=\"wp-block-image aligncenter size-full is-resized\"><img loading=\"lazy\" decoding=\"async\" width=\"473\" height=\"315\" src=\"https:\/\/kenetcatiantalya.com.tr\/wp-content\/uploads\/2024\/10\/logo-1.png\" alt=\"\" class=\"wp-image-17\" style=\"width:304px;height:auto\" srcset=\"https:\/\/kenetcatiantalya.com.tr\/wp-content\/uploads\/2024\/10\/logo-1.png 473w, https:\/\/kenetcatiantalya.com.tr\/wp-content\/uploads\/2024\/10\/logo-1-300x200.png 300w\" sizes=\"auto, (max-width: 473px) 100vw, 473px\" \/><\/figure>\n\n\n\n<p>Antalya merkezli Avc\u0131 Metal olarak, yap\u0131 sekt\u00f6r\u00fcndeki yenilik\u00e7i ve estetik \u00e7\u00f6z\u00fcmlerimizle g\u00fcvenin adresiyiz. \u00d6zellikle kenet \u00e7at\u0131 sistemleri alan\u0131nda uzmanla\u015farak, yap\u0131lar\u0131n\u0131z\u0131n hem estetik g\u00f6r\u00fcn\u00fcm\u00fcn\u00fc hem de dayan\u0131kl\u0131l\u0131\u011f\u0131n\u0131 en \u00fcst d\u00fczeye ta\u015f\u0131yoruz. Antalya\u2019n\u0131n de\u011fi\u015fken iklim ko\u015fullar\u0131na uygun \u00e7\u00f6z\u00fcmler \u00fcretirken, kaliteli malzeme ve titiz i\u015f\u00e7ilikle sekt\u00f6rde fark yarat\u0131yoruz.<\/p>\n\n\n\n<p>M\u00fc\u015fterilerimizin taleplerine \u00f6zel olarak geli\u015ftirdi\u011fimiz \u00e7at\u0131 sistemlerimiz, mimari tasar\u0131ma ve yap\u0131n\u0131n ihtiya\u00e7lar\u0131na g\u00f6re \u015fekilleniyor. Kenet \u00e7at\u0131 \u00e7\u00f6z\u00fcmlerimiz, sa\u011flaml\u0131k ve s\u0131zd\u0131rmazl\u0131k \u00f6zellikleriyle \u00f6ne \u00e7\u0131karken, \u00e7evre dostu ve enerji verimlili\u011fi sa\u011flayan yap\u0131s\u0131yla uzun y\u0131llar boyunca ilk g\u00fcnk\u00fc dayan\u0131kl\u0131l\u0131\u011f\u0131n\u0131 korur. Estetik kayg\u0131lar\u0131n\u0131z\u0131 da g\u00f6z \u00f6n\u00fcnde bulundurarak, modern \u00e7izgilere sahip \u015f\u0131k tasar\u0131mlar sunuyoruz.<\/p>\n\n\n\n<p>Ayr\u0131ca Avc\u0131 Metal olarak, metal cephe kaplamalar\u0131ndan ya\u011fmur suyu tahliye sistemlerine kadar geni\u015f bir hizmet yelpazesiyle projelerinizi ba\u015ftan sona tamaml\u0131yoruz. Kaliteden \u00f6d\u00fcn vermeyen i\u015f anlay\u0131\u015f\u0131m\u0131zla m\u00fc\u015fteri memnuniyetini en \u00f6n s\u0131rada tutuyor ve her proje sonras\u0131 uzun \u00f6m\u00fcrl\u00fc \u00e7\u00f6z\u00fcmler sunman\u0131n gururunu ya\u015f\u0131yoruz.<\/p>\n\n\n\n<p>Avc\u0131 Metal ile yap\u0131lar\u0131n\u0131z sa\u011flam, \u015f\u0131k ve g\u00fcvenli ellerde. \u00c7at\u0131 sistemlerinizde kaliteyi ve esteti\u011fi bir araya getiren \u00e7\u00f6z\u00fcmlerimizle sizlere de\u011fer katmaya devam ediyoruz<\/p>\n","protected":false},"excerpt":{"rendered":"<p>Antalya merkezli Avc\u0131 Metal olarak, yap\u0131 sekt\u00f6r\u00fcndeki yenilik\u00e7i ve estetik \u00e7\u00f6z\u00fcmlerimizle g\u00fcvenin adresiyiz. \u00d6zellikle kenet \u00e7at\u0131 sistemleri alan\u0131nda uzmanla\u015farak, yap\u0131lar\u0131n\u0131z\u0131n hem estetik g\u00f6r\u00fcn\u00fcm\u00fcn\u00fc hem de dayan\u0131kl\u0131l\u0131\u011f\u0131n\u0131 en \u00fcst d\u00fczeye ta\u015f\u0131yoruz. Antalya\u2019n\u0131n de\u011fi\u015fken iklim ko\u015fullar\u0131na uygun \u00e7\u00f6z\u00fcmler \u00fcretirken, kaliteli malzeme ve titiz i\u015f\u00e7ilikle sekt\u00f6rde fark yarat\u0131yoruz. M\u00fc\u015fterilerimizin taleplerine \u00f6zel olarak geli\u015ftirdi\u011fimiz \u00e7at\u0131 sistemlerimiz, mimari tasar\u0131ma ve&#8230;<\/p>\n","protected":false},"author":1,"featured_media":0,"parent":0,"menu_order":0,"comment_status":"closed","ping_status":"closed","template":"single-fullwith-template","meta":{"footnotes":""},"class_list":["post-26","page","type-page","status-publish","hentry"],"_links":{"self":[{"href":"https:\/\/kenetcatiantalya.com.tr\/index.php\/wp-json\/wp\/v2\/pages\/26","targetHints":{"allow":["GET"]}}],"collection":[{"href":"https:\/\/kenetcatiantalya.com.tr\/index.php\/wp-json\/wp\/v2\/pages"}],"about":[{"href":"https:\/\/kenetcatiantalya.com.tr\/index.php\/wp-json\/wp\/v2\/types\/page"}],"author":[{"embeddable":true,"href":"https:\/\/kenetcatiantalya.com.tr\/index.php\/wp-json\/wp\/v2\/users\/1"}],"replies":[{"embeddable":true,"href":"https:\/\/kenetcatiantalya.com.tr\/index.php\/wp-json\/wp\/v2\/comments?post=26"}],"version-history":[{"count":6,"href":"https:\/\/kenetcatiantalya.com.tr\/index.php\/wp-json\/wp\/v2\/pages\/26\/revisions"}],"predecessor-version":[{"id":35,"href":"https:\/\/kenetcatiantalya.com.tr\/index.php\/wp-json\/wp\/v2\/pages\/26\/revisions\/35"}],"wp:attachment":[{"href":"https:\/\/kenetcatiantalya.com.tr\/index.php\/wp-json\/wp\/v2\/media?parent=26"}],"curies":[{"name":"wp","href":"https:\/\/api.w.org\/{rel}","templated":true}]}}