{"id":43,"date":"2024-11-01T20:05:41","date_gmt":"2024-11-01T17:05:41","guid":{"rendered":"https:\/\/kenetcatiantalya.com.tr\/?page_id=43"},"modified":"2024-11-04T06:39:32","modified_gmt":"2024-11-04T03:39:32","slug":"hizmetlerimiz","status":"publish","type":"page","link":"https:\/\/kenetcatiantalya.com.tr\/index.php\/hizmetlerimiz\/","title":{"rendered":"Hizmetlerimiz"},"content":{"rendered":"\n<div class=\"wp-block-group is-layout-constrained wp-container-core-group-is-layout-9faebe31 wp-block-group-is-layout-constrained\" style=\"margin-top:0;margin-bottom:0;padding-top:var(--wp--preset--spacing--80);padding-right:var(--wp--preset--spacing--30);padding-bottom:100px;padding-left:var(--wp--preset--spacing--40)\">\n<div class=\"wp-block-group mighty-builders-fade-up is-layout-constrained wp-container-core-group-is-layout-ad87464f wp-block-group-is-layout-constrained\">\n<h4 class=\"wp-block-heading alignfull has-text-align-center has-heading-color-color has-text-color has-link-color wp-elements-61cf8dec48e8212a3ce3156f8aa90e58\">Hizmetlerimize g\u00f6zat\u0131n<\/h4>\n\n\n\n<p class=\"has-text-align-center\" style=\"margin-top:12px\">Antalya\u2019n\u0131n \u0130klimine Uygun, Uzun \u00d6m\u00fcrl\u00fc \u00c7at\u0131 Sistemleri<\/p>\n<\/div>\n\n\n\n<div class=\"wp-block-columns alignfull are-vertically-aligned-center mighty-builders-fade-up is-layout-flex wp-container-core-columns-is-layout-d5e7fbb9 wp-block-columns-is-layout-flex\" style=\"margin-top:60px\">\n<div class=\"wp-block-column is-vertically-aligned-center is-layout-flow wp-block-column-is-layout-flow\">\n<div class=\"wp-block-group is-style-mighty-builders-boxshadow-medium has-light-color-background-color has-background is-layout-constrained wp-container-core-group-is-layout-f760d247 wp-block-group-is-layout-constrained\" style=\"border-style:none;border-width:0px;border-radius:0px;padding-top:30px;padding-right:30px;padding-bottom:30px;padding-left:30px\">\n<figure class=\"wp-block-image size-full is-resized has-custom-border\"><img loading=\"lazy\" decoding=\"async\" width=\"1080\" height=\"1080\" src=\"https:\/\/kenetcatiantalya.com.tr\/wp-content\/uploads\/2024\/11\/kenetcati-1-edited.png\" alt=\"\" class=\"wp-image-54\" style=\"border-style:none;border-width:0px;border-radius:0px;object-fit:cover;width:237px;height:auto\" srcset=\"https:\/\/kenetcatiantalya.com.tr\/wp-content\/uploads\/2024\/11\/kenetcati-1-edited.png 1080w, https:\/\/kenetcatiantalya.com.tr\/wp-content\/uploads\/2024\/11\/kenetcati-1-edited-300x300.png 300w, https:\/\/kenetcatiantalya.com.tr\/wp-content\/uploads\/2024\/11\/kenetcati-1-edited-1024x1024.png 1024w, https:\/\/kenetcatiantalya.com.tr\/wp-content\/uploads\/2024\/11\/kenetcati-1-edited-150x150.png 150w, https:\/\/kenetcatiantalya.com.tr\/wp-content\/uploads\/2024\/11\/kenetcati-1-edited-768x768.png 768w\" sizes=\"auto, (max-width: 1080px) 100vw, 1080px\" \/><\/figure>\n\n\n\n<h4 class=\"wp-block-heading has-text-align-left has-big-font-size\" style=\"margin-top:24px\"><strong>Kenet \u00c7at\u0131 Uygulamalar\u0131<\/strong><\/h4>\n\n\n\n<div class=\"wp-block-group is-layout-constrained wp-container-core-group-is-layout-92b9201d wp-block-group-is-layout-constrained\">\n<p class=\"has-text-align-left\">Estetik ve s\u0131zd\u0131rmaz yap\u0131s\u0131yla uzun \u00f6m\u00fcrl\u00fc \u00e7at\u0131 \u00e7\u00f6z\u00fcmleri.<\/p>\n<\/div>\n<\/div>\n<\/div>\n\n\n\n<div class=\"wp-block-column is-vertically-aligned-center is-layout-flow wp-block-column-is-layout-flow\">\n<div class=\"wp-block-group is-style-mighty-builders-boxshadow-medium has-light-color-background-color has-background is-layout-constrained wp-container-core-group-is-layout-f760d247 wp-block-group-is-layout-constrained\" style=\"border-radius:0px;padding-top:30px;padding-right:30px;padding-bottom:30px;padding-left:30px\">\n<figure class=\"wp-block-image size-full has-custom-border\"><img decoding=\"async\" src=\"https:\/\/kenetcatiantalya.com.tr\/wp-content\/themes\/mighty-builders\/assets\/images\/s2.jpg\" alt=\"\" class=\"wp-image-7724\" style=\"border-style:none;border-width:0px;border-radius:0px;object-fit:cover\"\/><\/figure>\n\n\n\n<h4 class=\"wp-block-heading has-text-align-left has-big-font-size\" style=\"margin-top:24px\"><strong>Metal Kaplama ve Cephe Sistemleri<\/strong><\/h4>\n\n\n\n<div class=\"wp-block-group is-layout-constrained wp-container-core-group-is-layout-92b9201d wp-block-group-is-layout-constrained\">\n<p class=\"has-text-align-left\">Modern ve \u015f\u0131k g\u00f6r\u00fcn\u00fcml\u00fc cephe \u00e7\u00f6z\u00fcmleri ile binalar\u0131n\u0131za de\u011fer kat\u0131n.<\/p>\n<\/div>\n<\/div>\n<\/div>\n\n\n\n<div class=\"wp-block-column is-vertically-aligned-center is-layout-flow wp-block-column-is-layout-flow\">\n<div class=\"wp-block-group is-style-mighty-builders-boxshadow-medium has-light-color-background-color has-background is-layout-constrained wp-container-core-group-is-layout-f760d247 wp-block-group-is-layout-constrained\" style=\"border-radius:0px;padding-top:30px;padding-right:30px;padding-bottom:30px;padding-left:30px\">\n<figure class=\"wp-block-image aligncenter size-full is-resized has-custom-border\"><img loading=\"lazy\" decoding=\"async\" width=\"585\" height=\"585\" src=\"https:\/\/kenetcatiantalya.com.tr\/wp-content\/uploads\/2024\/11\/kenet-cati-2-edited.png\" alt=\"\" class=\"wp-image-53\" style=\"border-style:none;border-width:0px;border-radius:0px;object-fit:cover;width:232px;height:auto\" srcset=\"https:\/\/kenetcatiantalya.com.tr\/wp-content\/uploads\/2024\/11\/kenet-cati-2-edited.png 585w, https:\/\/kenetcatiantalya.com.tr\/wp-content\/uploads\/2024\/11\/kenet-cati-2-edited-300x300.png 300w, https:\/\/kenetcatiantalya.com.tr\/wp-content\/uploads\/2024\/11\/kenet-cati-2-edited-150x150.png 150w\" sizes=\"auto, (max-width: 585px) 100vw, 585px\" \/><\/figure>\n\n\n\n<h4 class=\"wp-block-heading has-text-align-left has-big-font-size\" style=\"margin-top:24px\"><strong>Bak\u0131m ve Onar\u0131m Hizmetleri<\/strong><\/h4>\n\n\n\n<div class=\"wp-block-group is-layout-constrained wp-container-core-group-is-layout-92b9201d wp-block-group-is-layout-constrained\">\n<p class=\"has-text-align-left\">Mevcut \u00e7at\u0131 sistemlerinizin \u00f6mr\u00fcn\u00fc uzatmak i\u00e7in bak\u0131m ve onar\u0131m.<\/p>\n<\/div>\n<\/div>\n<\/div>\n<\/div>\n<\/div>\n","protected":false},"excerpt":{"rendered":"<p>Hizmetlerimize g\u00f6zat\u0131n Antalya\u2019n\u0131n \u0130klimine Uygun, Uzun \u00d6m\u00fcrl\u00fc \u00c7at\u0131 Sistemleri Kenet \u00c7at\u0131 Uygulamalar\u0131 Estetik ve s\u0131zd\u0131rmaz yap\u0131s\u0131yla uzun \u00f6m\u00fcrl\u00fc \u00e7at\u0131 \u00e7\u00f6z\u00fcmleri. Metal Kaplama ve Cephe Sistemleri Modern ve \u015f\u0131k g\u00f6r\u00fcn\u00fcml\u00fc cephe \u00e7\u00f6z\u00fcmleri ile binalar\u0131n\u0131za de\u011fer kat\u0131n. Bak\u0131m ve Onar\u0131m Hizmetleri Mevcut \u00e7at\u0131 sistemlerinizin \u00f6mr\u00fcn\u00fc uzatmak i\u00e7in bak\u0131m ve onar\u0131m.<\/p>\n","protected":false},"author":1,"featured_media":0,"parent":0,"menu_order":0,"comment_status":"closed","ping_status":"closed","template":"single-fullwith-template","meta":{"footnotes":""},"class_list":["post-43","page","type-page","status-publish","hentry"],"_links":{"self":[{"href":"https:\/\/kenetcatiantalya.com.tr\/index.php\/wp-json\/wp\/v2\/pages\/43","targetHints":{"allow":["GET"]}}],"collection":[{"href":"https:\/\/kenetcatiantalya.com.tr\/index.php\/wp-json\/wp\/v2\/pages"}],"about":[{"href":"https:\/\/kenetcatiantalya.com.tr\/index.php\/wp-json\/wp\/v2\/types\/page"}],"author":[{"embeddable":true,"href":"https:\/\/kenetcatiantalya.com.tr\/index.php\/wp-json\/wp\/v2\/users\/1"}],"replies":[{"embeddable":true,"href":"https:\/\/kenetcatiantalya.com.tr\/index.php\/wp-json\/wp\/v2\/comments?post=43"}],"version-history":[{"count":7,"href":"https:\/\/kenetcatiantalya.com.tr\/index.php\/wp-json\/wp\/v2\/pages\/43\/revisions"}],"predecessor-version":[{"id":65,"href":"https:\/\/kenetcatiantalya.com.tr\/index.php\/wp-json\/wp\/v2\/pages\/43\/revisions\/65"}],"wp:attachment":[{"href":"https:\/\/kenetcatiantalya.com.tr\/index.php\/wp-json\/wp\/v2\/media?parent=43"}],"curies":[{"name":"wp","href":"https:\/\/api.w.org\/{rel}","templated":true}]}}